{"id":85,"date":"2020-09-27T16:08:16","date_gmt":"2020-09-27T16:08:16","guid":{"rendered":"https:\/\/www.aktionsbuendnis-rahden.de\/?page_id=85"},"modified":"2021-10-09T12:03:30","modified_gmt":"2021-10-09T12:03:30","slug":"beschwerden","status":"publish","type":"page","link":"https:\/\/www.aktionsbuendnis-rahden.de\/index.php\/beschwerden\/","title":{"rendered":"Umgang mit Beschwerden"},"content":{"rendered":"<p>Anwohner k\u00f6nnen sich an zust\u00e4ndige Genehmigungs- und \u00dcberwachungsbeh\u00f6rde wenden, wenn es zu \u00fcberm\u00e4\u00dfigen Belastungen durch die Emissionen kommt.<\/p>\n<p>Dezernat 53 der Bezirksregierung Detmold<br \/>\nE-Mail unter poststelle@bezregdetmold.nrw.de<br \/>\nTelefon: 05231 \/ 71 \u2013 0<\/p>\n<p><strong>Zentrale Nachrichtenbereitschaftszentrale<\/strong><\/p>\n<p>Die 5 Bezirksregierungen des Landes NRW unterhalten f\u00fcr den Bereich des Umweltschutzes einen Streifen- oder Rufbereitschaftsdienst, der auch au\u00dferhalb der regul\u00e4ren Dienstzeit bei wichtigen Ereignissen oder Sachfragen eine Pr\u00e4senz der Beh\u00f6rden gew\u00e4hrleistet.<\/p>\n<p>Telefon: 05231-711090<br \/>\nMail: <a href=\"mailto:gruenes.telefon@brd.nrw.de\">gruenes.telefon@brd.nrw.de<\/a><\/p>\n<p><a href=\"https:\/\/www.lanuv.nrw.de\/landesamt\/lanuv-stellt-sich-vor\/bereitschaftszentrale\" target=\"_blank\" rel=\"noopener\">Mehr Infos beim LANUV<\/a><\/p>\n","protected":false},"excerpt":{"rendered":"<p>Anwohner k\u00f6nnen sich an zust\u00e4ndige Genehmigungs- und \u00dcberwachungsbeh\u00f6rde wenden, wenn es zu \u00fcberm\u00e4\u00dfigen Belastungen durch die Emissionen kommt. Dezernat 53&hellip;<\/p>\n","protected":false},"author":2,"featured_media":0,"parent":0,"menu_order":0,"comment_status":"closed","ping_status":"closed","template":"","meta":{"footnotes":""},"class_list":["post-85","page","type-page","status-publish","hentry"],"_links":{"self":[{"href":"https:\/\/www.aktionsbuendnis-rahden.de\/index.php\/wp-json\/wp\/v2\/pages\/85","targetHints":{"allow":["GET"]}}],"collection":[{"href":"https:\/\/www.aktionsbuendnis-rahden.de\/index.php\/wp-json\/wp\/v2\/pages"}],"about":[{"href":"https:\/\/www.aktionsbuendnis-rahden.de\/index.php\/wp-json\/wp\/v2\/types\/page"}],"author":[{"embeddable":true,"href":"https:\/\/www.aktionsbuendnis-rahden.de\/index.php\/wp-json\/wp\/v2\/users\/2"}],"replies":[{"embeddable":true,"href":"https:\/\/www.aktionsbuendnis-rahden.de\/index.php\/wp-json\/wp\/v2\/comments?post=85"}],"version-history":[{"count":6,"href":"https:\/\/www.aktionsbuendnis-rahden.de\/index.php\/wp-json\/wp\/v2\/pages\/85\/revisions"}],"predecessor-version":[{"id":256,"href":"https:\/\/www.aktionsbuendnis-rahden.de\/index.php\/wp-json\/wp\/v2\/pages\/85\/revisions\/256"}],"wp:attachment":[{"href":"https:\/\/www.aktionsbuendnis-rahden.de\/index.php\/wp-json\/wp\/v2\/media?parent=85"}],"curies":[{"name":"wp","href":"https:\/\/api.w.org\/{rel}","templated":true}]}}